{"id":1176,"date":"2024-06-13T16:42:09","date_gmt":"2024-06-13T16:42:09","guid":{"rendered":"https:\/\/renseksperten.com\/?page_id=1176"},"modified":"2024-07-18T20:19:57","modified_gmt":"2024-07-18T20:19:57","slug":"for-virksomheder","status":"publish","type":"page","link":"https:\/\/renseksperten.com\/index.php\/for-virksomheder\/","title":{"rendered":"For virksomheder"},"content":{"rendered":"\t\t<div data-elementor-type=\"wp-page\" data-elementor-id=\"1176\" class=\"elementor elementor-1176\">\n\t\t\t\t<div class=\"elementor-element elementor-element-df0561a e-flex e-con-boxed e-con e-parent\" data-id=\"df0561a\" data-element_type=\"container\">\n\t\t\t\t\t<div class=\"e-con-inner\">\n\t\t<div class=\"elementor-element elementor-element-9567c45 e-flex e-con-boxed e-con e-child\" data-id=\"9567c45\" data-element_type=\"container\">\n\t\t\t\t\t<div class=\"e-con-inner\">\n\t\t<div class=\"elementor-element elementor-element-a5e53ca e-flex e-con-boxed e-con e-child\" data-id=\"a5e53ca\" data-element_type=\"container\">\n\t\t\t\t\t<div class=\"e-con-inner\">\n\t\t<div class=\"elementor-element elementor-element-0b47d87 e-flex e-con-boxed e-con e-child\" data-id=\"0b47d87\" data-element_type=\"container\">\n\t\t\t\t\t<div class=\"e-con-inner\">\n\t\t\t\t<div class=\"elementor-element elementor-element-2724bd1 elementor-hidden-tablet elementor-hidden-mobile elementor-widget elementor-widget-heading\" data-id=\"2724bd1\" data-element_type=\"widget\" data-widget_type=\"heading.default\">\n\t\t\t\t<div class=\"elementor-widget-container\">\n\t\t\t\t\t<h2 class=\"elementor-heading-title elementor-size-default\">For virksomheder<\/h2>\t\t\t\t<\/div>\n\t\t\t\t<\/div>\n\t\t\t\t\t<\/div>\n\t\t\t\t<\/div>\n\t\t\t\t\t<\/div>\n\t\t\t\t<\/div>\n\t\t\t\t\t<\/div>\n\t\t\t\t<\/div>\n\t\t\t\t\t<\/div>\n\t\t\t\t<\/div>\n\t\t<div class=\"elementor-element elementor-element-9123ea2 e-flex e-con-boxed e-con e-parent\" data-id=\"9123ea2\" data-element_type=\"container\">\n\t\t\t\t\t<div class=\"e-con-inner\">\n\t\t\t\t<div class=\"elementor-element elementor-element-89b6289 elementor-widget elementor-widget-spacer\" data-id=\"89b6289\" data-element_type=\"widget\" data-widget_type=\"spacer.default\">\n\t\t\t\t<div class=\"elementor-widget-container\">\n\t\t\t\t\t\t\t<div class=\"elementor-spacer\">\n\t\t\t<div class=\"elementor-spacer-inner\"><\/div>\n\t\t<\/div>\n\t\t\t\t\t\t<\/div>\n\t\t\t\t<\/div>\n\t\t\t\t<div class=\"elementor-element elementor-element-c7a8d62 elementor-widget-mobile__width-initial elementor-hidden-desktop elementor-widget elementor-widget-heading\" data-id=\"c7a8d62\" data-element_type=\"widget\" data-settings=\"{&quot;_animation_mobile&quot;:&quot;fadeIn&quot;}\" data-widget_type=\"heading.default\">\n\t\t\t\t<div class=\"elementor-widget-container\">\n\t\t\t\t\t<h2 class=\"elementor-heading-title elementor-size-default\">FOR VIRKSOMHEDER<\/h2>\t\t\t\t<\/div>\n\t\t\t\t<\/div>\n\t\t\t\t\t<\/div>\n\t\t\t\t<\/div>\n\t\t<div class=\"elementor-element elementor-element-ce41397 e-flex e-con-boxed e-con e-parent\" data-id=\"ce41397\" data-element_type=\"container\">\n\t\t\t\t\t<div class=\"e-con-inner\">\n\t\t\t\t<div class=\"elementor-element elementor-element-b798939 elementor-widget elementor-widget-spacer\" data-id=\"b798939\" data-element_type=\"widget\" data-widget_type=\"spacer.default\">\n\t\t\t\t<div class=\"elementor-widget-container\">\n\t\t\t\t\t\t\t<div class=\"elementor-spacer\">\n\t\t\t<div class=\"elementor-spacer-inner\"><\/div>\n\t\t<\/div>\n\t\t\t\t\t\t<\/div>\n\t\t\t\t<\/div>\n\t\t\t\t<div class=\"elementor-element elementor-element-59ff7c4 elementor-widget elementor-widget-heading\" data-id=\"59ff7c4\" data-element_type=\"widget\" data-widget_type=\"heading.default\">\n\t\t\t\t<div class=\"elementor-widget-container\">\n\t\t\t\t\t<h3 class=\"elementor-heading-title elementor-size-default\">Er m\u00f8blerne i din restaurant beskidte af sovs? Eller ser t\u00e6ppet p\u00e5 dit kontor ikke l\u00e6ngere nyt ud? Uanset hvad det er, tager vi os af det uden at belaste dit budget. Stol p\u00e5 os og lad os st\u00e5 for reng\u00f8ringen.<\/h3>\t\t\t\t<\/div>\n\t\t\t\t<\/div>\n\t\t\t\t<div class=\"elementor-element elementor-element-3533a2f elementor-view-default elementor-widget elementor-widget-icon\" data-id=\"3533a2f\" data-element_type=\"widget\" data-widget_type=\"icon.default\">\n\t\t\t\t<div class=\"elementor-widget-container\">\n\t\t\t\t\t\t\t<div class=\"elementor-icon-wrapper\">\n\t\t\t<div class=\"elementor-icon\">\n\t\t\t<svg aria-hidden=\"true\" class=\"e-font-icon-svg e-far-handshake\" viewBox=\"0 0 640 512\" xmlns=\"http:\/\/www.w3.org\/2000\/svg\"><path d=\"M519.2 127.9l-47.6-47.6A56.252 56.252 0 0 0 432 64H205.2c-14.8 0-29.1 5.9-39.6 16.3L118 127.9H0v255.7h64c17.6 0 31.8-14.2 31.9-31.7h9.1l84.6 76.4c30.9 25.1 73.8 25.7 105.6 3.8 12.5 10.8 26 15.9 41.1 15.9 18.2 0 35.3-7.4 48.8-24 22.1 8.7 48.2 2.6 64-16.8l26.2-32.3c5.6-6.9 9.1-14.8 10.9-23h57.9c.1 17.5 14.4 31.7 31.9 31.7h64V127.9H519.2zM48 351.6c-8.8 0-16-7.2-16-16s7.2-16 16-16 16 7.2 16 16c0 8.9-7.2 16-16 16zm390-6.9l-26.1 32.2c-2.8 3.4-7.8 4-11.3 1.2l-23.9-19.4-30 36.5c-6 7.3-15 4.8-18 2.4l-36.8-31.5-15.6 19.2c-13.9 17.1-39.2 19.7-55.3 6.6l-97.3-88H96V175.8h41.9l61.7-61.6c2-.8 3.7-1.5 5.7-2.3H262l-38.7 35.5c-29.4 26.9-31.1 72.3-4.4 101.3 14.8 16.2 61.2 41.2 101.5 4.4l8.2-7.5 108.2 87.8c3.4 2.8 3.9 7.9 1.2 11.3zm106-40.8h-69.2c-2.3-2.8-4.9-5.4-7.7-7.7l-102.7-83.4 12.5-11.4c6.5-6 7-16.1 1-22.6L367 167.1c-6-6.5-16.1-6.9-22.6-1l-55.2 50.6c-9.5 8.7-25.7 9.4-34.6 0-9.3-9.9-8.5-25.1 1.2-33.9l65.6-60.1c7.4-6.8 17-10.5 27-10.5l83.7-.2c2.1 0 4.1.8 5.5 2.3l61.7 61.6H544v128zm48 47.7c-8.8 0-16-7.2-16-16s7.2-16 16-16 16 7.2 16 16c0 8.9-7.2 16-16 16z\"><\/path><\/svg>\t\t\t<\/div>\n\t\t<\/div>\n\t\t\t\t\t\t<\/div>\n\t\t\t\t<\/div>\n\t\t\t\t\t<\/div>\n\t\t\t\t<\/div>\n\t\t<div class=\"elementor-element elementor-element-a9061fb e-flex e-con-boxed e-con e-parent\" data-id=\"a9061fb\" data-element_type=\"container\">\n\t\t\t\t\t<div class=\"e-con-inner\">\n\t\t<div class=\"elementor-element elementor-element-571dda4 e-con-full e-flex e-con e-child\" data-id=\"571dda4\" data-element_type=\"container\">\n\t\t\t\t<div class=\"elementor-element elementor-element-abe9c68 elementor-widget elementor-widget-heading\" data-id=\"abe9c68\" data-element_type=\"widget\" data-widget_type=\"heading.default\">\n\t\t\t\t<div class=\"elementor-widget-container\">\n\t\t\t\t\t<h3 class=\"elementor-heading-title elementor-size-default\">\n\nHvad tilbyder vi?<\/h3>\t\t\t\t<\/div>\n\t\t\t\t<\/div>\n\t\t\t\t<\/div>\n\t\t<div class=\"elementor-element elementor-element-618a6f3 e-con-full e-flex e-con e-child\" data-id=\"618a6f3\" data-element_type=\"container\">\n\t\t\t\t<div class=\"elementor-element elementor-element-15d9092 elementor-widget elementor-widget-text-editor\" data-id=\"15d9092\" data-element_type=\"widget\" data-widget_type=\"text-editor.default\">\n\t\t\t\t<div class=\"elementor-widget-container\">\n\t\t\t\t\t\t\t\t\t<ul><li><strong>Rensning af sofaer i restauranter og barer<\/strong><\/li><li><strong>Rensning af t\u00e6pper i ofte bes\u00f8gte omr\u00e5der<\/strong><\/li><li><strong>Rensning af hotel senge og l\u00e6nestole i hotel lobbyer<\/strong><\/li><li><strong>Individuelt tilbud tilpasset dine behov og dit budget<\/strong><\/li><li><strong>Rabatter ved st\u00f8rre opgaver<\/strong><\/li><\/ul>\t\t\t\t\t\t\t\t<\/div>\n\t\t\t\t<\/div>\n\t\t\t\t<\/div>\n\t\t\t\t\t<\/div>\n\t\t\t\t<\/div>\n\t\t<div class=\"elementor-element elementor-element-7a46752 e-flex e-con-boxed e-con e-parent\" data-id=\"7a46752\" data-element_type=\"container\">\n\t\t\t\t\t<div class=\"e-con-inner\">\n\t\t\t\t<div class=\"elementor-element elementor-element-25ef244 elementor-button-success elementor-align-center elementor-widget elementor-widget-button\" data-id=\"25ef244\" data-element_type=\"widget\" data-widget_type=\"button.default\">\n\t\t\t\t<div class=\"elementor-widget-container\">\n\t\t\t\t\t\t\t\t\t<div class=\"elementor-button-wrapper\">\n\t\t\t\t\t<a class=\"elementor-button elementor-button-link elementor-size-sm elementor-animation-grow\" href=\"https:\/\/renseksperten.com\/index.php\/kontakt-2\/\">\n\t\t\t\t\t\t<span class=\"elementor-button-content-wrapper\">\n\t\t\t\t\t\t<span class=\"elementor-button-icon\">\n\t\t\t\t<svg aria-hidden=\"true\" class=\"e-font-icon-svg e-far-comment-alt\" viewBox=\"0 0 512 512\" xmlns=\"http:\/\/www.w3.org\/2000\/svg\"><path d=\"M448 0H64C28.7 0 0 28.7 0 64v288c0 35.3 28.7 64 64 64h96v84c0 7.1 5.8 12 12 12 2.4 0 4.9-.7 7.1-2.4L304 416h144c35.3 0 64-28.7 64-64V64c0-35.3-28.7-64-64-64zm16 352c0 8.8-7.2 16-16 16H288l-12.8 9.6L208 428v-60H64c-8.8 0-16-7.2-16-16V64c0-8.8 7.2-16 16-16h384c8.8 0 16 7.2 16 16v288z\"><\/path><\/svg>\t\t\t<\/span>\n\t\t\t\t\t\t\t\t\t<span class=\"elementor-button-text\">Kontakt Os<\/span>\n\t\t\t\t\t<\/span>\n\t\t\t\t\t<\/a>\n\t\t\t\t<\/div>\n\t\t\t\t\t\t\t\t<\/div>\n\t\t\t\t<\/div>\n\t\t\t\t\t<\/div>\n\t\t\t\t<\/div>\n\t\t<div class=\"elementor-element elementor-element-5228437 e-flex e-con-boxed e-con e-parent\" data-id=\"5228437\" data-element_type=\"container\">\n\t\t\t\t\t<div class=\"e-con-inner\">\n\t\t<div class=\"elementor-element elementor-element-d613c54 e-con-full e-flex e-con e-child\" data-id=\"d613c54\" data-element_type=\"container\">\n\t\t\t\t<div class=\"elementor-element elementor-element-4535b4a elementor-widget elementor-widget-image\" data-id=\"4535b4a\" data-element_type=\"widget\" data-widget_type=\"image.default\">\n\t\t\t\t<div class=\"elementor-widget-container\">\n\t\t\t\t\t\t\t\t\t\t\t\t\t\t\t<img fetchpriority=\"high\" decoding=\"async\" width=\"750\" height=\"500\" src=\"https:\/\/renseksperten.com\/wp-content\/uploads\/2024\/07\/vojtech-bruzek-Yrxr3bsPdS0-unsplash-1024x683.jpg\" class=\"attachment-large size-large wp-image-1404\" alt=\"Rensning af hotel senge, Rensning af sofaer i restauranter, Rensning af stofm\u00f8bler, Rens af seng\" srcset=\"https:\/\/renseksperten.com\/wp-content\/uploads\/2024\/07\/vojtech-bruzek-Yrxr3bsPdS0-unsplash-1024x683.jpg 1024w, https:\/\/renseksperten.com\/wp-content\/uploads\/2024\/07\/vojtech-bruzek-Yrxr3bsPdS0-unsplash-300x200.jpg 300w, https:\/\/renseksperten.com\/wp-content\/uploads\/2024\/07\/vojtech-bruzek-Yrxr3bsPdS0-unsplash-768x512.jpg 768w, https:\/\/renseksperten.com\/wp-content\/uploads\/2024\/07\/vojtech-bruzek-Yrxr3bsPdS0-unsplash-1536x1024.jpg 1536w, https:\/\/renseksperten.com\/wp-content\/uploads\/2024\/07\/vojtech-bruzek-Yrxr3bsPdS0-unsplash-2048x1365.jpg 2048w, https:\/\/renseksperten.com\/wp-content\/uploads\/2024\/07\/vojtech-bruzek-Yrxr3bsPdS0-unsplash-360x240.jpg 360w\" sizes=\"(max-width: 750px) 100vw, 750px\" \/>\t\t\t\t\t\t\t\t\t\t\t\t\t\t\t<\/div>\n\t\t\t\t<\/div>\n\t\t\t\t<\/div>\n\t\t<div class=\"elementor-element elementor-element-48bd34b e-con-full e-flex e-con e-child\" data-id=\"48bd34b\" data-element_type=\"container\">\n\t\t\t\t<div class=\"elementor-element elementor-element-b962d13 elementor-widget elementor-widget-image\" data-id=\"b962d13\" data-element_type=\"widget\" data-widget_type=\"image.default\">\n\t\t\t\t<div class=\"elementor-widget-container\">\n\t\t\t\t\t\t\t\t\t\t\t\t\t\t\t<img decoding=\"async\" width=\"750\" height=\"500\" src=\"https:\/\/renseksperten.com\/wp-content\/uploads\/2024\/07\/nik-lanus-YMOHw3F1Hdk-unsplash-1024x683.jpg\" class=\"attachment-large size-large wp-image-1403\" alt=\"Rensning af hotel senge, Rensning af sofaer i restauranter, Rensning af stofm\u00f8bler, Rens af seng\" srcset=\"https:\/\/renseksperten.com\/wp-content\/uploads\/2024\/07\/nik-lanus-YMOHw3F1Hdk-unsplash-1024x683.jpg 1024w, https:\/\/renseksperten.com\/wp-content\/uploads\/2024\/07\/nik-lanus-YMOHw3F1Hdk-unsplash-300x200.jpg 300w, https:\/\/renseksperten.com\/wp-content\/uploads\/2024\/07\/nik-lanus-YMOHw3F1Hdk-unsplash-768x512.jpg 768w, https:\/\/renseksperten.com\/wp-content\/uploads\/2024\/07\/nik-lanus-YMOHw3F1Hdk-unsplash-1536x1024.jpg 1536w, https:\/\/renseksperten.com\/wp-content\/uploads\/2024\/07\/nik-lanus-YMOHw3F1Hdk-unsplash-2048x1365.jpg 2048w, https:\/\/renseksperten.com\/wp-content\/uploads\/2024\/07\/nik-lanus-YMOHw3F1Hdk-unsplash-360x240.jpg 360w\" sizes=\"(max-width: 750px) 100vw, 750px\" \/>\t\t\t\t\t\t\t\t\t\t\t\t\t\t\t<\/div>\n\t\t\t\t<\/div>\n\t\t\t\t<\/div>\n\t\t<div class=\"elementor-element elementor-element-b34d32c e-con-full e-flex e-con e-child\" data-id=\"b34d32c\" data-element_type=\"container\">\n\t\t\t\t<div class=\"elementor-element elementor-element-0018f51 elementor-widget elementor-widget-image\" data-id=\"0018f51\" data-element_type=\"widget\" data-widget_type=\"image.default\">\n\t\t\t\t<div class=\"elementor-widget-container\">\n\t\t\t\t\t\t\t\t\t\t\t\t\t\t\t<img decoding=\"async\" width=\"750\" height=\"500\" src=\"https:\/\/renseksperten.com\/wp-content\/uploads\/2024\/07\/masaaki-komori-iMbXscxYIFE-unsplash-1024x683.jpg\" class=\"attachment-large size-large wp-image-1402\" alt=\"Rensning af hotel senge, Rensning af sofaer i restauranter, Rensning af stofm\u00f8bler, Rens af seng\" srcset=\"https:\/\/renseksperten.com\/wp-content\/uploads\/2024\/07\/masaaki-komori-iMbXscxYIFE-unsplash-1024x683.jpg 1024w, https:\/\/renseksperten.com\/wp-content\/uploads\/2024\/07\/masaaki-komori-iMbXscxYIFE-unsplash-300x200.jpg 300w, https:\/\/renseksperten.com\/wp-content\/uploads\/2024\/07\/masaaki-komori-iMbXscxYIFE-unsplash-768x512.jpg 768w, https:\/\/renseksperten.com\/wp-content\/uploads\/2024\/07\/masaaki-komori-iMbXscxYIFE-unsplash-1536x1024.jpg 1536w, https:\/\/renseksperten.com\/wp-content\/uploads\/2024\/07\/masaaki-komori-iMbXscxYIFE-unsplash-2048x1365.jpg 2048w, https:\/\/renseksperten.com\/wp-content\/uploads\/2024\/07\/masaaki-komori-iMbXscxYIFE-unsplash-360x240.jpg 360w\" sizes=\"(max-width: 750px) 100vw, 750px\" \/>\t\t\t\t\t\t\t\t\t\t\t\t\t\t\t<\/div>\n\t\t\t\t<\/div>\n\t\t\t\t<\/div>\n\t\t<div class=\"elementor-element elementor-element-4c01036 e-con-full e-flex e-con e-child\" data-id=\"4c01036\" data-element_type=\"container\">\n\t\t\t\t<\/div>\n\t\t<div class=\"elementor-element elementor-element-746be51 e-con-full e-flex e-con e-child\" data-id=\"746be51\" data-element_type=\"container\">\n\t\t\t\t<\/div>\n\t\t<div class=\"elementor-element elementor-element-9b7ec14 e-con-full e-flex e-con e-child\" data-id=\"9b7ec14\" data-element_type=\"container\">\n\t\t\t\t<\/div>\n\t\t\t\t\t<\/div>\n\t\t\t\t<\/div>\n\t\t<div class=\"elementor-element elementor-element-4d05cd7 e-flex e-con-boxed e-con e-parent\" data-id=\"4d05cd7\" data-element_type=\"container\">\n\t\t\t\t\t<div class=\"e-con-inner\">\n\t\t\t\t\t<\/div>\n\t\t\t\t<\/div>\n\t\t\t\t<\/div>\n\t\t","protected":false},"excerpt":{"rendered":"<p>For virksomheder FOR VIRKSOMHEDER Er m\u00f8blerne i din restaurant beskidte af sovs? Eller ser t\u00e6ppet p\u00e5 dit kontor ikke l\u00e6ngere nyt ud? Uanset hvad det er, tager vi os af det uden at belaste dit budget. Stol p\u00e5 os og lad os st\u00e5 for reng\u00f8ringen. Hvad tilbyder vi? Rensning af [&hellip;]<\/p>\n","protected":false},"author":1,"featured_media":0,"parent":0,"menu_order":0,"comment_status":"closed","ping_status":"closed","template":"page-templates\/template-pagebuilder-full-width.php","meta":{"footnotes":""},"class_list":["post-1176","page","type-page","status-publish","hentry"],"yoast_head":"<!-- This site is optimized with the Yoast SEO plugin v25.8 - https:\/\/yoast.com\/wordpress\/plugins\/seo\/ -->\n<title>For virksomheder - Rens Eksperten<\/title>\n<meta name=\"description\" content=\"Vi tilbyder professionel rensning af hotel senge for at sikre en ren og hygiejnisk soveoplevelse for dine g\u00e6ster. Derudover specialiserer vi os i rensning af sofaer i restauranter, hvilket sikrer, at m\u00f8blerne altid fremst\u00e5r rene og indbydende for dine kunder.\" \/>\n<meta name=\"robots\" content=\"index, follow, max-snippet:-1, max-image-preview:large, max-video-preview:-1\" \/>\n<link rel=\"canonical\" href=\"https:\/\/renseksperten.com\/index.php\/for-virksomheder\/\" \/>\n<meta property=\"og:locale\" content=\"da_DK\" \/>\n<meta property=\"og:type\" content=\"article\" \/>\n<meta property=\"og:title\" content=\"For virksomheder - Rens Eksperten\" \/>\n<meta property=\"og:description\" content=\"Vi tilbyder professionel rensning af hotel senge for at sikre en ren og hygiejnisk soveoplevelse for dine g\u00e6ster. Derudover specialiserer vi os i rensning af sofaer i restauranter, hvilket sikrer, at m\u00f8blerne altid fremst\u00e5r rene og indbydende for dine kunder.\" \/>\n<meta property=\"og:url\" content=\"https:\/\/renseksperten.com\/index.php\/for-virksomheder\/\" \/>\n<meta property=\"og:site_name\" content=\"Rens Eksperten\" \/>\n<meta property=\"article:modified_time\" content=\"2024-07-18T20:19:57+00:00\" \/>\n<meta property=\"og:image\" content=\"http:\/\/renseksperten.com\/wp-content\/uploads\/2024\/07\/vojtech-bruzek-Yrxr3bsPdS0-unsplash-1024x683.jpg\" \/>\n<meta name=\"twitter:card\" content=\"summary_large_image\" \/>\n<meta name=\"twitter:label1\" content=\"Estimeret l\u00e6setid\" \/>\n\t<meta name=\"twitter:data1\" content=\"2 minutter\" \/>\n<script type=\"application\/ld+json\" class=\"yoast-schema-graph\">{\"@context\":\"https:\/\/schema.org\",\"@graph\":[{\"@type\":\"WebPage\",\"@id\":\"https:\/\/renseksperten.com\/index.php\/for-virksomheder\/\",\"url\":\"https:\/\/renseksperten.com\/index.php\/for-virksomheder\/\",\"name\":\"For virksomheder - Rens Eksperten\",\"isPartOf\":{\"@id\":\"https:\/\/renseksperten.com\/#website\"},\"primaryImageOfPage\":{\"@id\":\"https:\/\/renseksperten.com\/index.php\/for-virksomheder\/#primaryimage\"},\"image\":{\"@id\":\"https:\/\/renseksperten.com\/index.php\/for-virksomheder\/#primaryimage\"},\"thumbnailUrl\":\"http:\/\/renseksperten.com\/wp-content\/uploads\/2024\/07\/vojtech-bruzek-Yrxr3bsPdS0-unsplash-1024x683.jpg\",\"datePublished\":\"2024-06-13T16:42:09+00:00\",\"dateModified\":\"2024-07-18T20:19:57+00:00\",\"description\":\"Vi tilbyder professionel rensning af hotel senge for at sikre en ren og hygiejnisk soveoplevelse for dine g\u00e6ster. Derudover specialiserer vi os i rensning af sofaer i restauranter, hvilket sikrer, at m\u00f8blerne altid fremst\u00e5r rene og indbydende for dine kunder.\",\"breadcrumb\":{\"@id\":\"https:\/\/renseksperten.com\/index.php\/for-virksomheder\/#breadcrumb\"},\"inLanguage\":\"da-DK\",\"potentialAction\":[{\"@type\":\"ReadAction\",\"target\":[\"https:\/\/renseksperten.com\/index.php\/for-virksomheder\/\"]}]},{\"@type\":\"ImageObject\",\"inLanguage\":\"da-DK\",\"@id\":\"https:\/\/renseksperten.com\/index.php\/for-virksomheder\/#primaryimage\",\"url\":\"http:\/\/renseksperten.com\/wp-content\/uploads\/2024\/07\/vojtech-bruzek-Yrxr3bsPdS0-unsplash-1024x683.jpg\",\"contentUrl\":\"http:\/\/renseksperten.com\/wp-content\/uploads\/2024\/07\/vojtech-bruzek-Yrxr3bsPdS0-unsplash-1024x683.jpg\"},{\"@type\":\"BreadcrumbList\",\"@id\":\"https:\/\/renseksperten.com\/index.php\/for-virksomheder\/#breadcrumb\",\"itemListElement\":[{\"@type\":\"ListItem\",\"position\":1,\"name\":\"Hjem\",\"item\":\"https:\/\/renseksperten.com\/\"},{\"@type\":\"ListItem\",\"position\":2,\"name\":\"For virksomheder\"}]},{\"@type\":\"WebSite\",\"@id\":\"https:\/\/renseksperten.com\/#website\",\"url\":\"https:\/\/renseksperten.com\/\",\"name\":\"Rens Eksperten\",\"description\":\"Rensning af m\u00f8belstoffer og t\u00e6pper\",\"publisher\":{\"@id\":\"https:\/\/renseksperten.com\/#organization\"},\"potentialAction\":[{\"@type\":\"SearchAction\",\"target\":{\"@type\":\"EntryPoint\",\"urlTemplate\":\"https:\/\/renseksperten.com\/?s={search_term_string}\"},\"query-input\":{\"@type\":\"PropertyValueSpecification\",\"valueRequired\":true,\"valueName\":\"search_term_string\"}}],\"inLanguage\":\"da-DK\"},{\"@type\":\"Organization\",\"@id\":\"https:\/\/renseksperten.com\/#organization\",\"name\":\"Rens Eksperten\",\"url\":\"https:\/\/renseksperten.com\/\",\"logo\":{\"@type\":\"ImageObject\",\"inLanguage\":\"da-DK\",\"@id\":\"https:\/\/renseksperten.com\/#\/schema\/logo\/image\/\",\"url\":\"https:\/\/renseksperten.com\/wp-content\/uploads\/2024\/06\/Rens-eksperten-logo.png\",\"contentUrl\":\"https:\/\/renseksperten.com\/wp-content\/uploads\/2024\/06\/Rens-eksperten-logo.png\",\"width\":3239,\"height\":2362,\"caption\":\"Rens Eksperten\"},\"image\":{\"@id\":\"https:\/\/renseksperten.com\/#\/schema\/logo\/image\/\"}}]}<\/script>\n<!-- \/ Yoast SEO plugin. -->","yoast_head_json":{"title":"For virksomheder - Rens Eksperten","description":"Vi tilbyder professionel rensning af hotel senge for at sikre en ren og hygiejnisk soveoplevelse for dine g\u00e6ster. Derudover specialiserer vi os i rensning af sofaer i restauranter, hvilket sikrer, at m\u00f8blerne altid fremst\u00e5r rene og indbydende for dine kunder.","robots":{"index":"index","follow":"follow","max-snippet":"max-snippet:-1","max-image-preview":"max-image-preview:large","max-video-preview":"max-video-preview:-1"},"canonical":"https:\/\/renseksperten.com\/index.php\/for-virksomheder\/","og_locale":"da_DK","og_type":"article","og_title":"For virksomheder - Rens Eksperten","og_description":"Vi tilbyder professionel rensning af hotel senge for at sikre en ren og hygiejnisk soveoplevelse for dine g\u00e6ster. Derudover specialiserer vi os i rensning af sofaer i restauranter, hvilket sikrer, at m\u00f8blerne altid fremst\u00e5r rene og indbydende for dine kunder.","og_url":"https:\/\/renseksperten.com\/index.php\/for-virksomheder\/","og_site_name":"Rens Eksperten","article_modified_time":"2024-07-18T20:19:57+00:00","og_image":[{"url":"http:\/\/renseksperten.com\/wp-content\/uploads\/2024\/07\/vojtech-bruzek-Yrxr3bsPdS0-unsplash-1024x683.jpg","type":"","width":"","height":""}],"twitter_card":"summary_large_image","twitter_misc":{"Estimeret l\u00e6setid":"2 minutter"},"schema":{"@context":"https:\/\/schema.org","@graph":[{"@type":"WebPage","@id":"https:\/\/renseksperten.com\/index.php\/for-virksomheder\/","url":"https:\/\/renseksperten.com\/index.php\/for-virksomheder\/","name":"For virksomheder - Rens Eksperten","isPartOf":{"@id":"https:\/\/renseksperten.com\/#website"},"primaryImageOfPage":{"@id":"https:\/\/renseksperten.com\/index.php\/for-virksomheder\/#primaryimage"},"image":{"@id":"https:\/\/renseksperten.com\/index.php\/for-virksomheder\/#primaryimage"},"thumbnailUrl":"http:\/\/renseksperten.com\/wp-content\/uploads\/2024\/07\/vojtech-bruzek-Yrxr3bsPdS0-unsplash-1024x683.jpg","datePublished":"2024-06-13T16:42:09+00:00","dateModified":"2024-07-18T20:19:57+00:00","description":"Vi tilbyder professionel rensning af hotel senge for at sikre en ren og hygiejnisk soveoplevelse for dine g\u00e6ster. Derudover specialiserer vi os i rensning af sofaer i restauranter, hvilket sikrer, at m\u00f8blerne altid fremst\u00e5r rene og indbydende for dine kunder.","breadcrumb":{"@id":"https:\/\/renseksperten.com\/index.php\/for-virksomheder\/#breadcrumb"},"inLanguage":"da-DK","potentialAction":[{"@type":"ReadAction","target":["https:\/\/renseksperten.com\/index.php\/for-virksomheder\/"]}]},{"@type":"ImageObject","inLanguage":"da-DK","@id":"https:\/\/renseksperten.com\/index.php\/for-virksomheder\/#primaryimage","url":"http:\/\/renseksperten.com\/wp-content\/uploads\/2024\/07\/vojtech-bruzek-Yrxr3bsPdS0-unsplash-1024x683.jpg","contentUrl":"http:\/\/renseksperten.com\/wp-content\/uploads\/2024\/07\/vojtech-bruzek-Yrxr3bsPdS0-unsplash-1024x683.jpg"},{"@type":"BreadcrumbList","@id":"https:\/\/renseksperten.com\/index.php\/for-virksomheder\/#breadcrumb","itemListElement":[{"@type":"ListItem","position":1,"name":"Hjem","item":"https:\/\/renseksperten.com\/"},{"@type":"ListItem","position":2,"name":"For virksomheder"}]},{"@type":"WebSite","@id":"https:\/\/renseksperten.com\/#website","url":"https:\/\/renseksperten.com\/","name":"Rens Eksperten","description":"Rensning af m\u00f8belstoffer og t\u00e6pper","publisher":{"@id":"https:\/\/renseksperten.com\/#organization"},"potentialAction":[{"@type":"SearchAction","target":{"@type":"EntryPoint","urlTemplate":"https:\/\/renseksperten.com\/?s={search_term_string}"},"query-input":{"@type":"PropertyValueSpecification","valueRequired":true,"valueName":"search_term_string"}}],"inLanguage":"da-DK"},{"@type":"Organization","@id":"https:\/\/renseksperten.com\/#organization","name":"Rens Eksperten","url":"https:\/\/renseksperten.com\/","logo":{"@type":"ImageObject","inLanguage":"da-DK","@id":"https:\/\/renseksperten.com\/#\/schema\/logo\/image\/","url":"https:\/\/renseksperten.com\/wp-content\/uploads\/2024\/06\/Rens-eksperten-logo.png","contentUrl":"https:\/\/renseksperten.com\/wp-content\/uploads\/2024\/06\/Rens-eksperten-logo.png","width":3239,"height":2362,"caption":"Rens Eksperten"},"image":{"@id":"https:\/\/renseksperten.com\/#\/schema\/logo\/image\/"}}]}},"_links":{"self":[{"href":"https:\/\/renseksperten.com\/index.php\/wp-json\/wp\/v2\/pages\/1176","targetHints":{"allow":["GET"]}}],"collection":[{"href":"https:\/\/renseksperten.com\/index.php\/wp-json\/wp\/v2\/pages"}],"about":[{"href":"https:\/\/renseksperten.com\/index.php\/wp-json\/wp\/v2\/types\/page"}],"author":[{"embeddable":true,"href":"https:\/\/renseksperten.com\/index.php\/wp-json\/wp\/v2\/users\/1"}],"replies":[{"embeddable":true,"href":"https:\/\/renseksperten.com\/index.php\/wp-json\/wp\/v2\/comments?post=1176"}],"version-history":[{"count":53,"href":"https:\/\/renseksperten.com\/index.php\/wp-json\/wp\/v2\/pages\/1176\/revisions"}],"predecessor-version":[{"id":1565,"href":"https:\/\/renseksperten.com\/index.php\/wp-json\/wp\/v2\/pages\/1176\/revisions\/1565"}],"wp:attachment":[{"href":"https:\/\/renseksperten.com\/index.php\/wp-json\/wp\/v2\/media?parent=1176"}],"curies":[{"name":"wp","href":"https:\/\/api.w.org\/{rel}","templated":true}]}}