{"id":1670,"date":"2024-11-23T14:28:24","date_gmt":"2024-11-23T14:28:24","guid":{"rendered":"https:\/\/renseksperten.com\/?page_id=1670"},"modified":"2024-11-25T13:08:20","modified_gmt":"2024-11-25T13:08:20","slug":"blog-2","status":"publish","type":"page","link":"https:\/\/renseksperten.com\/index.php\/blog-2\/","title":{"rendered":"Blog"},"content":{"rendered":"\n<div class=\"wp-block-query is-layout-flow wp-block-query-is-layout-flow\"><ul class=\"wp-block-post-template is-layout-flow wp-block-post-template-is-layout-flow\"><li class=\"wp-block-post post-1725 post type-post status-publish format-standard has-post-thumbnail hentry category-uncategorized\">\n\n<div class=\"wp-block-columns alignwide is-layout-flex wp-container-core-columns-is-layout-28f84493 wp-block-columns-is-layout-flex\">\n<div class=\"wp-block-column is-layout-flow wp-block-column-is-layout-flow\" style=\"flex-basis:66.66%\"><figure class=\"wp-block-post-featured-image\"><a href=\"https:\/\/renseksperten.com\/index.php\/2024\/11\/25\/fjern-pletter-fra-chokolade\/\" target=\"_self\"  ><img fetchpriority=\"high\" decoding=\"async\" width=\"2560\" height=\"1440\" src=\"https:\/\/renseksperten.com\/wp-content\/uploads\/2024\/11\/Fjern-pletter-fra-chokolade-scaled.jpg\" class=\"attachment-post-thumbnail size-post-thumbnail wp-post-image\" alt=\"Fjern pletter fra chokolade\" style=\"object-fit:cover;\" srcset=\"https:\/\/renseksperten.com\/wp-content\/uploads\/2024\/11\/Fjern-pletter-fra-chokolade-scaled.jpg 2560w, https:\/\/renseksperten.com\/wp-content\/uploads\/2024\/11\/Fjern-pletter-fra-chokolade-300x169.jpg 300w, https:\/\/renseksperten.com\/wp-content\/uploads\/2024\/11\/Fjern-pletter-fra-chokolade-1024x576.jpg 1024w, https:\/\/renseksperten.com\/wp-content\/uploads\/2024\/11\/Fjern-pletter-fra-chokolade-768x432.jpg 768w\" sizes=\"(max-width: 2560px) 100vw, 2560px\" \/><\/a><\/figure><\/div>\n\n\n\n<div class=\"wp-block-column is-layout-flow wp-block-column-is-layout-flow\" style=\"flex-basis:33.33%\"><h2 class=\"wp-block-post-title\"><a href=\"https:\/\/renseksperten.com\/index.php\/2024\/11\/25\/fjern-pletter-fra-chokolade\/\" target=\"_self\" >Fjern pletter fra chokolade<\/a><\/h2>\n\n<div class=\"wp-block-post-excerpt\"><p class=\"wp-block-post-excerpt__excerpt\">Chokoladepletter er noget, de fleste af os har oplevet \u2013 om det er fra varm kakao, chokoladeis eller et stykke chokolade, der smeltede p\u00e5 t\u00f8jet. Selvom chokolade er l\u00e6kkert, kan de pletter, det efterlader, v\u00e6re ret irriterende. Men bare rolig! Der findes effektive metoder til at fjerne chokoladepletter fra b\u00e5de [&hellip;] <\/p><\/div><\/div>\n<\/div>\n\n<\/li><li class=\"wp-block-post post-1711 post type-post status-publish format-standard has-post-thumbnail hentry category-blog\">\n\n<div class=\"wp-block-columns alignwide is-layout-flex wp-container-core-columns-is-layout-28f84493 wp-block-columns-is-layout-flex\">\n<div class=\"wp-block-column is-layout-flow wp-block-column-is-layout-flow\" style=\"flex-basis:66.66%\"><figure class=\"wp-block-post-featured-image\"><a href=\"https:\/\/renseksperten.com\/index.php\/2024\/11\/25\/saadan-renser-du-tusch-kuglepenspletter-fra-moebler-toej-og-taepper\/\" target=\"_self\"  ><img decoding=\"async\" width=\"2560\" height=\"1707\" src=\"https:\/\/renseksperten.com\/wp-content\/uploads\/2024\/11\/Saadan-renser-du-tusch-kuglepenspletter-fra-moebler-toej-og-taepper-scaled.jpg\" class=\"attachment-post-thumbnail size-post-thumbnail wp-post-image\" alt=\"S\u00e5dan renser du tusch-\/kuglepenspletter fra m\u00f8bler, t\u00f8j og t\u00e6pper\" style=\"object-fit:cover;\" srcset=\"https:\/\/renseksperten.com\/wp-content\/uploads\/2024\/11\/Saadan-renser-du-tusch-kuglepenspletter-fra-moebler-toej-og-taepper-scaled.jpg 2560w, https:\/\/renseksperten.com\/wp-content\/uploads\/2024\/11\/Saadan-renser-du-tusch-kuglepenspletter-fra-moebler-toej-og-taepper-300x200.jpg 300w, https:\/\/renseksperten.com\/wp-content\/uploads\/2024\/11\/Saadan-renser-du-tusch-kuglepenspletter-fra-moebler-toej-og-taepper-1024x683.jpg 1024w, https:\/\/renseksperten.com\/wp-content\/uploads\/2024\/11\/Saadan-renser-du-tusch-kuglepenspletter-fra-moebler-toej-og-taepper-768x512.jpg 768w\" sizes=\"(max-width: 2560px) 100vw, 2560px\" \/><\/a><\/figure><\/div>\n\n\n\n<div class=\"wp-block-column is-layout-flow wp-block-column-is-layout-flow\" style=\"flex-basis:33.33%\"><h2 class=\"wp-block-post-title\"><a href=\"https:\/\/renseksperten.com\/index.php\/2024\/11\/25\/saadan-renser-du-tusch-kuglepenspletter-fra-moebler-toej-og-taepper\/\" target=\"_self\" >S\u00e5dan renser du tusch-\/kuglepenspletter fra m\u00f8bler, t\u00f8j og t\u00e6pper<\/a><\/h2>\n\n<div class=\"wp-block-post-excerpt\"><p class=\"wp-block-post-excerpt__excerpt\">S\u00e5dan renser du tusch-\/kuglepenspletter fra m\u00f8bler, t\u00f8j og t\u00e6pper. At f\u00e5 en tusch- eller kuglepensplet p\u00e5 t\u00f8j, t\u00e6pper eller m\u00f8bler kan virke som en katastrofe, men med de rette metoder kan de fleste pletter fjernes. Her f\u00e5r du en udf\u00f8rlig guide til, hvordan du bedst h\u00e5ndterer disse uheld. Anatomi af [&hellip;] <\/p><\/div><\/div>\n<\/div>\n\n<\/li><li class=\"wp-block-post post-1696 post type-post status-publish format-standard has-post-thumbnail hentry category-blog\">\n\n<div class=\"wp-block-columns alignwide is-layout-flex wp-container-core-columns-is-layout-28f84493 wp-block-columns-is-layout-flex\">\n<div class=\"wp-block-column is-layout-flow wp-block-column-is-layout-flow\" style=\"flex-basis:66.66%\"><figure class=\"wp-block-post-featured-image\"><a href=\"https:\/\/renseksperten.com\/index.php\/2024\/11\/25\/kan-bagepulver-fjerne-pletter\/\" target=\"_self\"  ><img decoding=\"async\" width=\"1280\" height=\"960\" src=\"https:\/\/renseksperten.com\/wp-content\/uploads\/2024\/11\/oil-stain-64409_1280.jpg\" class=\"attachment-post-thumbnail size-post-thumbnail wp-post-image\" alt=\"Kan bagepulver fjerne pletter?\" style=\"object-fit:cover;\" srcset=\"https:\/\/renseksperten.com\/wp-content\/uploads\/2024\/11\/oil-stain-64409_1280.jpg 1280w, https:\/\/renseksperten.com\/wp-content\/uploads\/2024\/11\/oil-stain-64409_1280-300x225.jpg 300w, https:\/\/renseksperten.com\/wp-content\/uploads\/2024\/11\/oil-stain-64409_1280-1024x768.jpg 1024w, https:\/\/renseksperten.com\/wp-content\/uploads\/2024\/11\/oil-stain-64409_1280-768x576.jpg 768w\" sizes=\"(max-width: 1280px) 100vw, 1280px\" \/><\/a><\/figure><\/div>\n\n\n\n<div class=\"wp-block-column is-layout-flow wp-block-column-is-layout-flow\" style=\"flex-basis:33.33%\"><h2 class=\"wp-block-post-title\"><a href=\"https:\/\/renseksperten.com\/index.php\/2024\/11\/25\/kan-bagepulver-fjerne-pletter\/\" target=\"_self\" >Kan bagepulver fjerne pletter?<\/a><\/h2>\n\n<div class=\"wp-block-post-excerpt\"><p class=\"wp-block-post-excerpt__excerpt\">Bagepulver er en velkendt ingrediens, der findes i mange danske husholdninger. Mange bruger det ikke kun til at bage, men ogs\u00e5 til reng\u00f8ring og fjernelse af pletter. Men kan bagepulver virkelig fjerne pletter effektivt fra m\u00f8bler, t\u00f8j eller t\u00e6pper? I denne artikel dykker vi ned i, hvordan du kan bruge [&hellip;] <\/p><\/div><\/div>\n<\/div>\n\n<\/li><li class=\"wp-block-post post-1675 post type-post status-publish format-standard has-post-thumbnail hentry category-blog\">\n\n<div class=\"wp-block-columns alignwide is-layout-flex wp-container-core-columns-is-layout-28f84493 wp-block-columns-is-layout-flex\">\n<div class=\"wp-block-column is-layout-flow wp-block-column-is-layout-flow\" style=\"flex-basis:66.66%\"><figure class=\"wp-block-post-featured-image\"><a href=\"https:\/\/renseksperten.com\/index.php\/2024\/11\/23\/saadan-renser-du-roedvinspletter-effektivt\/\" target=\"_self\"  ><img loading=\"lazy\" decoding=\"async\" width=\"1280\" height=\"854\" src=\"https:\/\/renseksperten.com\/wp-content\/uploads\/2024\/11\/wine-glass-2580603_1280.jpg\" class=\"attachment-post-thumbnail size-post-thumbnail wp-post-image\" alt=\"S\u00e5dan renser du r\u00f8dvinspletter effektivt\" style=\"object-fit:cover;\" srcset=\"https:\/\/renseksperten.com\/wp-content\/uploads\/2024\/11\/wine-glass-2580603_1280.jpg 1280w, https:\/\/renseksperten.com\/wp-content\/uploads\/2024\/11\/wine-glass-2580603_1280-300x200.jpg 300w, https:\/\/renseksperten.com\/wp-content\/uploads\/2024\/11\/wine-glass-2580603_1280-1024x683.jpg 1024w, https:\/\/renseksperten.com\/wp-content\/uploads\/2024\/11\/wine-glass-2580603_1280-768x512.jpg 768w, https:\/\/renseksperten.com\/wp-content\/uploads\/2024\/11\/wine-glass-2580603_1280-360x240.jpg 360w\" sizes=\"(max-width: 1280px) 100vw, 1280px\" \/><\/a><\/figure><\/div>\n\n\n\n<div class=\"wp-block-column is-layout-flow wp-block-column-is-layout-flow\" style=\"flex-basis:33.33%\"><h2 class=\"wp-block-post-title\"><a href=\"https:\/\/renseksperten.com\/index.php\/2024\/11\/23\/saadan-renser-du-roedvinspletter-effektivt\/\" target=\"_self\" >S\u00e5dan renser du r\u00f8dvinspletter effektivt<\/a><\/h2>\n\n<div class=\"wp-block-post-excerpt\"><p class=\"wp-block-post-excerpt__excerpt\">R\u00f8dvinspletter kan v\u00e6re en udfordring, is\u00e6r hvis de rammer dine yndlingsm\u00f8bler, t\u00e6pper eller t\u00f8j. Forst\u00e5else for, hvordan pletter dannes, og hvordan man h\u00e5ndterer dem korrekt, er afg\u00f8rende for at redde dine stofm\u00f8bler og tekstiler fra permanente skader. Her guider vi dig igennem, hvordan du kan fjerne r\u00f8dvinspletter fra forskellige overflader, [&hellip;] <\/p><\/div><\/div>\n<\/div>\n\n<\/li><\/ul><\/div>\n","protected":false},"excerpt":{"rendered":"","protected":false},"author":1,"featured_media":0,"parent":0,"menu_order":0,"comment_status":"closed","ping_status":"closed","template":"page-templates\/template-pagebuilder-full-width.php","meta":{"footnotes":""},"class_list":["post-1670","page","type-page","status-publish","hentry"],"yoast_head":"<!-- This site is optimized with the Yoast SEO plugin v25.8 - https:\/\/yoast.com\/wordpress\/plugins\/seo\/ -->\n<title>Blog - Rens Eksperten<\/title>\n<meta name=\"robots\" content=\"index, follow, max-snippet:-1, max-image-preview:large, max-video-preview:-1\" \/>\n<link rel=\"canonical\" href=\"https:\/\/renseksperten.com\/index.php\/blog-2\/\" \/>\n<meta property=\"og:locale\" content=\"da_DK\" \/>\n<meta property=\"og:type\" content=\"article\" \/>\n<meta property=\"og:title\" content=\"Blog - Rens Eksperten\" \/>\n<meta property=\"og:url\" content=\"https:\/\/renseksperten.com\/index.php\/blog-2\/\" \/>\n<meta property=\"og:site_name\" content=\"Rens Eksperten\" \/>\n<meta property=\"article:modified_time\" content=\"2024-11-25T13:08:20+00:00\" \/>\n<meta name=\"twitter:card\" content=\"summary_large_image\" \/>\n<script type=\"application\/ld+json\" class=\"yoast-schema-graph\">{\"@context\":\"https:\/\/schema.org\",\"@graph\":[{\"@type\":\"WebPage\",\"@id\":\"https:\/\/renseksperten.com\/index.php\/blog-2\/\",\"url\":\"https:\/\/renseksperten.com\/index.php\/blog-2\/\",\"name\":\"Blog - Rens Eksperten\",\"isPartOf\":{\"@id\":\"https:\/\/renseksperten.com\/#website\"},\"datePublished\":\"2024-11-23T14:28:24+00:00\",\"dateModified\":\"2024-11-25T13:08:20+00:00\",\"breadcrumb\":{\"@id\":\"https:\/\/renseksperten.com\/index.php\/blog-2\/#breadcrumb\"},\"inLanguage\":\"da-DK\",\"potentialAction\":[{\"@type\":\"ReadAction\",\"target\":[\"https:\/\/renseksperten.com\/index.php\/blog-2\/\"]}]},{\"@type\":\"BreadcrumbList\",\"@id\":\"https:\/\/renseksperten.com\/index.php\/blog-2\/#breadcrumb\",\"itemListElement\":[{\"@type\":\"ListItem\",\"position\":1,\"name\":\"Hjem\",\"item\":\"https:\/\/renseksperten.com\/\"},{\"@type\":\"ListItem\",\"position\":2,\"name\":\"Blog\"}]},{\"@type\":\"WebSite\",\"@id\":\"https:\/\/renseksperten.com\/#website\",\"url\":\"https:\/\/renseksperten.com\/\",\"name\":\"Rens Eksperten\",\"description\":\"Rensning af m\u00f8belstoffer og t\u00e6pper\",\"publisher\":{\"@id\":\"https:\/\/renseksperten.com\/#organization\"},\"potentialAction\":[{\"@type\":\"SearchAction\",\"target\":{\"@type\":\"EntryPoint\",\"urlTemplate\":\"https:\/\/renseksperten.com\/?s={search_term_string}\"},\"query-input\":{\"@type\":\"PropertyValueSpecification\",\"valueRequired\":true,\"valueName\":\"search_term_string\"}}],\"inLanguage\":\"da-DK\"},{\"@type\":\"Organization\",\"@id\":\"https:\/\/renseksperten.com\/#organization\",\"name\":\"Rens Eksperten\",\"url\":\"https:\/\/renseksperten.com\/\",\"logo\":{\"@type\":\"ImageObject\",\"inLanguage\":\"da-DK\",\"@id\":\"https:\/\/renseksperten.com\/#\/schema\/logo\/image\/\",\"url\":\"https:\/\/renseksperten.com\/wp-content\/uploads\/2024\/06\/Rens-eksperten-logo.png\",\"contentUrl\":\"https:\/\/renseksperten.com\/wp-content\/uploads\/2024\/06\/Rens-eksperten-logo.png\",\"width\":3239,\"height\":2362,\"caption\":\"Rens Eksperten\"},\"image\":{\"@id\":\"https:\/\/renseksperten.com\/#\/schema\/logo\/image\/\"}}]}<\/script>\n<!-- \/ Yoast SEO plugin. -->","yoast_head_json":{"title":"Blog - Rens Eksperten","robots":{"index":"index","follow":"follow","max-snippet":"max-snippet:-1","max-image-preview":"max-image-preview:large","max-video-preview":"max-video-preview:-1"},"canonical":"https:\/\/renseksperten.com\/index.php\/blog-2\/","og_locale":"da_DK","og_type":"article","og_title":"Blog - Rens Eksperten","og_url":"https:\/\/renseksperten.com\/index.php\/blog-2\/","og_site_name":"Rens Eksperten","article_modified_time":"2024-11-25T13:08:20+00:00","twitter_card":"summary_large_image","schema":{"@context":"https:\/\/schema.org","@graph":[{"@type":"WebPage","@id":"https:\/\/renseksperten.com\/index.php\/blog-2\/","url":"https:\/\/renseksperten.com\/index.php\/blog-2\/","name":"Blog - Rens Eksperten","isPartOf":{"@id":"https:\/\/renseksperten.com\/#website"},"datePublished":"2024-11-23T14:28:24+00:00","dateModified":"2024-11-25T13:08:20+00:00","breadcrumb":{"@id":"https:\/\/renseksperten.com\/index.php\/blog-2\/#breadcrumb"},"inLanguage":"da-DK","potentialAction":[{"@type":"ReadAction","target":["https:\/\/renseksperten.com\/index.php\/blog-2\/"]}]},{"@type":"BreadcrumbList","@id":"https:\/\/renseksperten.com\/index.php\/blog-2\/#breadcrumb","itemListElement":[{"@type":"ListItem","position":1,"name":"Hjem","item":"https:\/\/renseksperten.com\/"},{"@type":"ListItem","position":2,"name":"Blog"}]},{"@type":"WebSite","@id":"https:\/\/renseksperten.com\/#website","url":"https:\/\/renseksperten.com\/","name":"Rens Eksperten","description":"Rensning af m\u00f8belstoffer og t\u00e6pper","publisher":{"@id":"https:\/\/renseksperten.com\/#organization"},"potentialAction":[{"@type":"SearchAction","target":{"@type":"EntryPoint","urlTemplate":"https:\/\/renseksperten.com\/?s={search_term_string}"},"query-input":{"@type":"PropertyValueSpecification","valueRequired":true,"valueName":"search_term_string"}}],"inLanguage":"da-DK"},{"@type":"Organization","@id":"https:\/\/renseksperten.com\/#organization","name":"Rens Eksperten","url":"https:\/\/renseksperten.com\/","logo":{"@type":"ImageObject","inLanguage":"da-DK","@id":"https:\/\/renseksperten.com\/#\/schema\/logo\/image\/","url":"https:\/\/renseksperten.com\/wp-content\/uploads\/2024\/06\/Rens-eksperten-logo.png","contentUrl":"https:\/\/renseksperten.com\/wp-content\/uploads\/2024\/06\/Rens-eksperten-logo.png","width":3239,"height":2362,"caption":"Rens Eksperten"},"image":{"@id":"https:\/\/renseksperten.com\/#\/schema\/logo\/image\/"}}]}},"_links":{"self":[{"href":"https:\/\/renseksperten.com\/index.php\/wp-json\/wp\/v2\/pages\/1670","targetHints":{"allow":["GET"]}}],"collection":[{"href":"https:\/\/renseksperten.com\/index.php\/wp-json\/wp\/v2\/pages"}],"about":[{"href":"https:\/\/renseksperten.com\/index.php\/wp-json\/wp\/v2\/types\/page"}],"author":[{"embeddable":true,"href":"https:\/\/renseksperten.com\/index.php\/wp-json\/wp\/v2\/users\/1"}],"replies":[{"embeddable":true,"href":"https:\/\/renseksperten.com\/index.php\/wp-json\/wp\/v2\/comments?post=1670"}],"version-history":[{"count":4,"href":"https:\/\/renseksperten.com\/index.php\/wp-json\/wp\/v2\/pages\/1670\/revisions"}],"predecessor-version":[{"id":1692,"href":"https:\/\/renseksperten.com\/index.php\/wp-json\/wp\/v2\/pages\/1670\/revisions\/1692"}],"wp:attachment":[{"href":"https:\/\/renseksperten.com\/index.php\/wp-json\/wp\/v2\/media?parent=1670"}],"curies":[{"name":"wp","href":"https:\/\/api.w.org\/{rel}","templated":true}]}}