{"id":189,"date":"2024-05-26T17:04:45","date_gmt":"2024-05-26T17:04:45","guid":{"rendered":"https:\/\/renseksperten.com\/?page_id=189"},"modified":"2024-07-18T20:17:06","modified_gmt":"2024-07-18T20:17:06","slug":"andre","status":"publish","type":"page","link":"https:\/\/renseksperten.com\/index.php\/andre\/","title":{"rendered":"Andre"},"content":{"rendered":"\t\t<div data-elementor-type=\"wp-page\" data-elementor-id=\"189\" class=\"elementor elementor-189\">\n\t\t\t\t<div class=\"elementor-element elementor-element-830b2b6 e-flex e-con-boxed e-con e-parent\" data-id=\"830b2b6\" data-element_type=\"container\">\n\t\t\t\t\t<div class=\"e-con-inner\">\n\t\t<div class=\"elementor-element elementor-element-8a776b8 e-flex e-con-boxed e-con e-child\" data-id=\"8a776b8\" data-element_type=\"container\">\n\t\t\t\t\t<div class=\"e-con-inner\">\n\t\t<div class=\"elementor-element elementor-element-957844e e-flex e-con-boxed e-con e-child\" data-id=\"957844e\" data-element_type=\"container\">\n\t\t\t\t\t<div class=\"e-con-inner\">\n\t\t\t\t<div class=\"elementor-element elementor-element-dba5878 elementor-hidden-tablet elementor-hidden-mobile elementor-widget elementor-widget-heading\" data-id=\"dba5878\" data-element_type=\"widget\" data-widget_type=\"heading.default\">\n\t\t\t\t<div class=\"elementor-widget-container\">\n\t\t\t\t\t<h2 class=\"elementor-heading-title elementor-size-default\">ANDRE<\/h2>\t\t\t\t<\/div>\n\t\t\t\t<\/div>\n\t\t\t\t\t<\/div>\n\t\t\t\t<\/div>\n\t\t\t\t\t<\/div>\n\t\t\t\t<\/div>\n\t\t\t\t\t<\/div>\n\t\t\t\t<\/div>\n\t\t<div class=\"elementor-element elementor-element-24662b3 e-flex e-con-boxed e-con e-parent\" data-id=\"24662b3\" data-element_type=\"container\">\n\t\t\t\t\t<div class=\"e-con-inner\">\n\t\t\t\t<div class=\"elementor-element elementor-element-447f60c elementor-widget elementor-widget-spacer\" data-id=\"447f60c\" data-element_type=\"widget\" data-widget_type=\"spacer.default\">\n\t\t\t\t<div class=\"elementor-widget-container\">\n\t\t\t\t\t\t\t<div class=\"elementor-spacer\">\n\t\t\t<div class=\"elementor-spacer-inner\"><\/div>\n\t\t<\/div>\n\t\t\t\t\t\t<\/div>\n\t\t\t\t<\/div>\n\t\t\t\t<div class=\"elementor-element elementor-element-9e70b5e elementor-widget-mobile__width-initial elementor-hidden-desktop elementor-widget elementor-widget-heading\" data-id=\"9e70b5e\" data-element_type=\"widget\" data-settings=\"{&quot;_animation_mobile&quot;:&quot;fadeIn&quot;}\" data-widget_type=\"heading.default\">\n\t\t\t\t<div class=\"elementor-widget-container\">\n\t\t\t\t\t<h2 class=\"elementor-heading-title elementor-size-default\">ANDRE<\/h2>\t\t\t\t<\/div>\n\t\t\t\t<\/div>\n\t\t\t\t\t<\/div>\n\t\t\t\t<\/div>\n\t\t<div class=\"elementor-element elementor-element-91b332b e-flex e-con-boxed e-con e-parent\" data-id=\"91b332b\" data-element_type=\"container\">\n\t\t\t\t\t<div class=\"e-con-inner\">\n\t\t\t\t<div class=\"elementor-element elementor-element-9bae188 elementor-widget elementor-widget-spacer\" data-id=\"9bae188\" data-element_type=\"widget\" data-widget_type=\"spacer.default\">\n\t\t\t\t<div class=\"elementor-widget-container\">\n\t\t\t\t\t\t\t<div class=\"elementor-spacer\">\n\t\t\t<div class=\"elementor-spacer-inner\"><\/div>\n\t\t<\/div>\n\t\t\t\t\t\t<\/div>\n\t\t\t\t<\/div>\n\t\t\t\t<div class=\"elementor-element elementor-element-66a0a88 elementor-widget elementor-widget-text-editor\" data-id=\"66a0a88\" data-element_type=\"widget\" data-widget_type=\"text-editor.default\">\n\t\t\t\t<div class=\"elementor-widget-container\">\n\t\t\t\t\t\t\t\t\t<p><strong>Hvis du ikke har fundet det, du s\u00f8gte i vores tilbud, s\u00e5 skriv til os og sp\u00f8rg. Hvis du har noget med polstring, kan vi rense det. T\u00f8v ikke &#8211; skriv til os!<\/strong><\/p>\t\t\t\t\t\t\t\t<\/div>\n\t\t\t\t<\/div>\n\t\t\t\t\t<\/div>\n\t\t\t\t<\/div>\n\t\t<div class=\"elementor-element elementor-element-ea65882 e-flex e-con-boxed e-con e-parent\" data-id=\"ea65882\" data-element_type=\"container\">\n\t\t\t\t\t<div class=\"e-con-inner\">\n\t\t\t\t<div class=\"elementor-element elementor-element-18ca92f elementor-button-success elementor-align-center elementor-widget elementor-widget-button\" data-id=\"18ca92f\" data-element_type=\"widget\" data-widget_type=\"button.default\">\n\t\t\t\t<div class=\"elementor-widget-container\">\n\t\t\t\t\t\t\t\t\t<div class=\"elementor-button-wrapper\">\n\t\t\t\t\t<a class=\"elementor-button elementor-button-link elementor-size-sm elementor-animation-grow\" href=\"https:\/\/renseksperten.com\/index.php\/kontakt-2\/\">\n\t\t\t\t\t\t<span class=\"elementor-button-content-wrapper\">\n\t\t\t\t\t\t<span class=\"elementor-button-icon\">\n\t\t\t\t<svg aria-hidden=\"true\" class=\"e-font-icon-svg e-far-comment-alt\" viewBox=\"0 0 512 512\" xmlns=\"http:\/\/www.w3.org\/2000\/svg\"><path d=\"M448 0H64C28.7 0 0 28.7 0 64v288c0 35.3 28.7 64 64 64h96v84c0 7.1 5.8 12 12 12 2.4 0 4.9-.7 7.1-2.4L304 416h144c35.3 0 64-28.7 64-64V64c0-35.3-28.7-64-64-64zm16 352c0 8.8-7.2 16-16 16H288l-12.8 9.6L208 428v-60H64c-8.8 0-16-7.2-16-16V64c0-8.8 7.2-16 16-16h384c8.8 0 16 7.2 16 16v288z\"><\/path><\/svg>\t\t\t<\/span>\n\t\t\t\t\t\t\t\t\t<span class=\"elementor-button-text\">Kontakt Os<\/span>\n\t\t\t\t\t<\/span>\n\t\t\t\t\t<\/a>\n\t\t\t\t<\/div>\n\t\t\t\t\t\t\t\t<\/div>\n\t\t\t\t<\/div>\n\t\t\t\t\t<\/div>\n\t\t\t\t<\/div>\n\t\t<div class=\"elementor-element elementor-element-a2c4299 e-flex e-con-boxed e-con e-parent\" data-id=\"a2c4299\" data-element_type=\"container\">\n\t\t\t\t\t<div class=\"e-con-inner\">\n\t\t\t\t<div class=\"elementor-element elementor-element-f778e50 elementor-widget elementor-widget-spacer\" data-id=\"f778e50\" data-element_type=\"widget\" data-widget_type=\"spacer.default\">\n\t\t\t\t<div class=\"elementor-widget-container\">\n\t\t\t\t\t\t\t<div class=\"elementor-spacer\">\n\t\t\t<div class=\"elementor-spacer-inner\"><\/div>\n\t\t<\/div>\n\t\t\t\t\t\t<\/div>\n\t\t\t\t<\/div>\n\t\t<div class=\"elementor-element elementor-element-436d390 e-con-full e-flex e-con e-child\" data-id=\"436d390\" data-element_type=\"container\">\n\t\t<div class=\"elementor-element elementor-element-98f6e17 e-flex e-con-boxed e-con e-child\" data-id=\"98f6e17\" data-element_type=\"container\">\n\t\t\t\t\t<div class=\"e-con-inner\">\n\t\t\t\t<div class=\"elementor-element elementor-element-ec22766 elementor-widget elementor-widget-spacer\" data-id=\"ec22766\" data-element_type=\"widget\" data-widget_type=\"spacer.default\">\n\t\t\t\t<div class=\"elementor-widget-container\">\n\t\t\t\t\t\t\t<div class=\"elementor-spacer\">\n\t\t\t<div class=\"elementor-spacer-inner\"><\/div>\n\t\t<\/div>\n\t\t\t\t\t\t<\/div>\n\t\t\t\t<\/div>\n\t\t<div class=\"elementor-element elementor-element-bef8a39 e-flex e-con-boxed e-con e-child\" data-id=\"bef8a39\" data-element_type=\"container\">\n\t\t\t\t\t<div class=\"e-con-inner\">\n\t\t\t\t<div class=\"elementor-element elementor-element-9c3c0b9 elementor-widget elementor-widget-text-editor\" data-id=\"9c3c0b9\" data-element_type=\"widget\" data-widget_type=\"text-editor.default\">\n\t\t\t\t<div class=\"elementor-widget-container\">\n\t\t\t\t\t\t\t\t\t<p>Vi tilbyder to typer reng\u00f8ringstjenester til dine m\u00f8bler:<\/p>\t\t\t\t\t\t\t\t<\/div>\n\t\t\t\t<\/div>\n\t\t<div class=\"elementor-element elementor-element-59f112f e-flex e-con-boxed e-con e-child\" data-id=\"59f112f\" data-element_type=\"container\" data-settings=\"{&quot;background_background&quot;:&quot;gradient&quot;}\">\n\t\t\t\t\t<div class=\"e-con-inner\">\n\t\t<div class=\"elementor-element elementor-element-04bbe38 e-grid e-con-boxed e-con e-child\" data-id=\"04bbe38\" data-element_type=\"container\" data-settings=\"{&quot;background_background&quot;:&quot;gradient&quot;}\">\n\t\t\t\t\t<div class=\"e-con-inner\">\n\t\t\t\t<div class=\"elementor-element elementor-element-447ae43 elementor-view-default elementor-position-top elementor-mobile-position-top elementor-widget elementor-widget-icon-box\" data-id=\"447ae43\" data-element_type=\"widget\" data-widget_type=\"icon-box.default\">\n\t\t\t\t<div class=\"elementor-widget-container\">\n\t\t\t\t\t\t\t<div class=\"elementor-icon-box-wrapper\">\n\n\t\t\t\t\t\t<div class=\"elementor-icon-box-icon\">\n\t\t\t\t<span  class=\"elementor-icon\">\n\t\t\t\t<svg aria-hidden=\"true\" class=\"e-font-icon-svg e-fas-spray-can\" viewBox=\"0 0 512 512\" xmlns=\"http:\/\/www.w3.org\/2000\/svg\"><path d=\"M224 32c0-17.67-14.33-32-32-32h-64c-17.67 0-32 14.33-32 32v96h128V32zm256 96c-17.67 0-32 14.33-32 32s14.33 32 32 32 32-14.33 32-32-14.33-32-32-32zm-256 32H96c-53.02 0-96 42.98-96 96v224c0 17.67 14.33 32 32 32h256c17.67 0 32-14.33 32-32V256c0-53.02-42.98-96-96-96zm-64 256c-44.18 0-80-35.82-80-80s35.82-80 80-80 80 35.82 80 80-35.82 80-80 80zM480 96c17.67 0 32-14.33 32-32s-14.33-32-32-32-32 14.33-32 32 14.33 32 32 32zm-96 32c-17.67 0-32 14.33-32 32s14.33 32 32 32 32-14.33 32-32-14.33-32-32-32zm-96-96c-17.67 0-32 14.33-32 32s14.33 32 32 32 32-14.33 32-32-14.33-32-32-32zm96 0c-17.67 0-32 14.33-32 32s14.33 32 32 32 32-14.33 32-32-14.33-32-32-32zm96 192c-17.67 0-32 14.33-32 32s14.33 32 32 32 32-14.33 32-32-14.33-32-32-32z\"><\/path><\/svg>\t\t\t\t<\/span>\n\t\t\t<\/div>\n\t\t\t\n\t\t\t\t\t\t<div class=\"elementor-icon-box-content\">\n\n\t\t\t\t\t\t\t\t\t<h3 class=\"elementor-icon-box-title\">\n\t\t\t\t\t\t<span  >\n\t\t\t\t\t\t\tOpfriskning\t\t\t\t\t\t<\/span>\n\t\t\t\t\t<\/h3>\n\t\t\t\t\n\t\t\t\t\t\t\t\t\t<p class=\"elementor-icon-box-description\">\n\t\t\t\t\t\tDenne service inkluderer en to-trins vask med et mildt reng\u00f8ringsmiddel. Den er ideel til let snavsede overflader uden st\u00e6rke pletter, s\u00e5som kaffe eller blod.\n\n\t\t\t\t\t<\/p>\n\t\t\t\t\n\t\t\t<\/div>\n\t\t\t\n\t\t<\/div>\n\t\t\t\t\t\t<\/div>\n\t\t\t\t<\/div>\n\t\t\t\t<div class=\"elementor-element elementor-element-3ef268f elementor-view-default elementor-position-top elementor-mobile-position-top elementor-widget elementor-widget-icon-box\" data-id=\"3ef268f\" data-element_type=\"widget\" data-widget_type=\"icon-box.default\">\n\t\t\t\t<div class=\"elementor-widget-container\">\n\t\t\t\t\t\t\t<div class=\"elementor-icon-box-wrapper\">\n\n\t\t\t\t\t\t<div class=\"elementor-icon-box-icon\">\n\t\t\t\t<span  class=\"elementor-icon\">\n\t\t\t\t<svg aria-hidden=\"true\" class=\"e-font-icon-svg e-fas-spa\" viewBox=\"0 0 576 512\" xmlns=\"http:\/\/www.w3.org\/2000\/svg\"><path d=\"M568.25 192c-29.04.13-135.01 6.16-213.84 83-33.12 29.63-53.36 63.3-66.41 94.86-13.05-31.56-33.29-65.23-66.41-94.86-78.83-76.84-184.8-82.87-213.84-83-4.41-.02-7.79 3.4-7.75 7.82.23 27.92 7.14 126.14 88.77 199.3C172.79 480.94 256 480 288 480s115.19.95 199.23-80.88c81.64-73.17 88.54-171.38 88.77-199.3.04-4.42-3.34-7.84-7.75-7.82zM287.98 302.6c12.82-18.85 27.6-35.78 44.09-50.52 19.09-18.61 39.58-33.3 60.26-45.18-16.44-70.5-51.72-133.05-96.73-172.22-4.11-3.58-11.02-3.58-15.14 0-44.99 39.14-80.27 101.63-96.74 172.07 20.37 11.7 40.5 26.14 59.22 44.39a282.768 282.768 0 0 1 45.04 51.46z\"><\/path><\/svg>\t\t\t\t<\/span>\n\t\t\t<\/div>\n\t\t\t\n\t\t\t\t\t\t<div class=\"elementor-icon-box-content\">\n\n\t\t\t\t\t\t\t\t\t<h3 class=\"elementor-icon-box-title\">\n\t\t\t\t\t\t<span  >\n\t\t\t\t\t\t\tRensning\t\t\t\t\t\t<\/span>\n\t\t\t\t\t<\/h3>\n\t\t\t\t\n\t\t\t\t\t\t\t\t\t<p class=\"elementor-icon-box-description\">\n\t\t\t\t\t\tDenne service best\u00e5r af en tre-trins vask med to forskellige reng\u00f8ringsmidler og skylning. Den er anbefalet til m\u00f8bler med mere snavs og st\u00e6rke pletter, inklusive blod.\nBegge tjenester inkluderer t\u00f8rring i prisen.\t\t\t\t\t<\/p>\n\t\t\t\t\n\t\t\t<\/div>\n\t\t\t\n\t\t<\/div>\n\t\t\t\t\t\t<\/div>\n\t\t\t\t<\/div>\n\t\t\t\t\t<\/div>\n\t\t\t\t<\/div>\n\t\t\t\t\t<\/div>\n\t\t\t\t<\/div>\n\t\t\t\t\t<\/div>\n\t\t\t\t<\/div>\n\t\t\t\t\t<\/div>\n\t\t\t\t<\/div>\n\t\t\t\t<\/div>\n\t\t\t\t\t<\/div>\n\t\t\t\t<\/div>\n\t\t\t\t<\/div>\n\t\t","protected":false},"excerpt":{"rendered":"<p>ANDRE ANDRE Hvis du ikke har fundet det, du s\u00f8gte i vores tilbud, s\u00e5 skriv til os og sp\u00f8rg. Hvis du har noget med polstring, kan vi rense det. T\u00f8v ikke &#8211; skriv til os! Kontakt Os Vi tilbyder to typer reng\u00f8ringstjenester til dine m\u00f8bler: Opfriskning Denne service inkluderer en [&hellip;]<\/p>\n","protected":false},"author":1,"featured_media":0,"parent":0,"menu_order":0,"comment_status":"closed","ping_status":"closed","template":"page-templates\/template-pagebuilder-full-width.php","meta":{"footnotes":""},"class_list":["post-189","page","type-page","status-publish","hentry"],"yoast_head":"<!-- This site is optimized with the Yoast SEO plugin v25.8 - https:\/\/yoast.com\/wordpress\/plugins\/seo\/ -->\n<title>Andre - Rens Eksperten<\/title>\n<meta name=\"description\" content=\"Vi specialiserer os i rensning af m\u00f8bler, herunder m\u00f8bler med uldstof, for at sikre, at dine m\u00f8bler forbliver rene og velplejede. Vores ekspertise omfatter sk\u00e5nsom og effektiv rensning, der bevare m\u00f8blernes kvalitet og udseende.\" \/>\n<meta name=\"robots\" content=\"index, follow, max-snippet:-1, max-image-preview:large, max-video-preview:-1\" \/>\n<link rel=\"canonical\" href=\"https:\/\/renseksperten.com\/index.php\/andre\/\" \/>\n<meta property=\"og:locale\" content=\"da_DK\" \/>\n<meta property=\"og:type\" content=\"article\" \/>\n<meta property=\"og:title\" content=\"Andre - Rens Eksperten\" \/>\n<meta property=\"og:description\" content=\"Vi specialiserer os i rensning af m\u00f8bler, herunder m\u00f8bler med uldstof, for at sikre, at dine m\u00f8bler forbliver rene og velplejede. Vores ekspertise omfatter sk\u00e5nsom og effektiv rensning, der bevare m\u00f8blernes kvalitet og udseende.\" \/>\n<meta property=\"og:url\" content=\"https:\/\/renseksperten.com\/index.php\/andre\/\" \/>\n<meta property=\"og:site_name\" content=\"Rens Eksperten\" \/>\n<meta property=\"article:modified_time\" content=\"2024-07-18T20:17:06+00:00\" \/>\n<meta name=\"twitter:card\" content=\"summary_large_image\" \/>\n<meta name=\"twitter:label1\" content=\"Estimeret l\u00e6setid\" \/>\n\t<meta name=\"twitter:data1\" content=\"1 minut\" \/>\n<script type=\"application\/ld+json\" class=\"yoast-schema-graph\">{\"@context\":\"https:\/\/schema.org\",\"@graph\":[{\"@type\":\"WebPage\",\"@id\":\"https:\/\/renseksperten.com\/index.php\/andre\/\",\"url\":\"https:\/\/renseksperten.com\/index.php\/andre\/\",\"name\":\"Andre - Rens Eksperten\",\"isPartOf\":{\"@id\":\"https:\/\/renseksperten.com\/#website\"},\"datePublished\":\"2024-05-26T17:04:45+00:00\",\"dateModified\":\"2024-07-18T20:17:06+00:00\",\"description\":\"Vi specialiserer os i rensning af m\u00f8bler, herunder m\u00f8bler med uldstof, for at sikre, at dine m\u00f8bler forbliver rene og velplejede. Vores ekspertise omfatter sk\u00e5nsom og effektiv rensning, der bevare m\u00f8blernes kvalitet og udseende.\",\"breadcrumb\":{\"@id\":\"https:\/\/renseksperten.com\/index.php\/andre\/#breadcrumb\"},\"inLanguage\":\"da-DK\",\"potentialAction\":[{\"@type\":\"ReadAction\",\"target\":[\"https:\/\/renseksperten.com\/index.php\/andre\/\"]}]},{\"@type\":\"BreadcrumbList\",\"@id\":\"https:\/\/renseksperten.com\/index.php\/andre\/#breadcrumb\",\"itemListElement\":[{\"@type\":\"ListItem\",\"position\":1,\"name\":\"Hjem\",\"item\":\"https:\/\/renseksperten.com\/\"},{\"@type\":\"ListItem\",\"position\":2,\"name\":\"Andre\"}]},{\"@type\":\"WebSite\",\"@id\":\"https:\/\/renseksperten.com\/#website\",\"url\":\"https:\/\/renseksperten.com\/\",\"name\":\"Rens Eksperten\",\"description\":\"Rensning af m\u00f8belstoffer og t\u00e6pper\",\"publisher\":{\"@id\":\"https:\/\/renseksperten.com\/#organization\"},\"potentialAction\":[{\"@type\":\"SearchAction\",\"target\":{\"@type\":\"EntryPoint\",\"urlTemplate\":\"https:\/\/renseksperten.com\/?s={search_term_string}\"},\"query-input\":{\"@type\":\"PropertyValueSpecification\",\"valueRequired\":true,\"valueName\":\"search_term_string\"}}],\"inLanguage\":\"da-DK\"},{\"@type\":\"Organization\",\"@id\":\"https:\/\/renseksperten.com\/#organization\",\"name\":\"Rens Eksperten\",\"url\":\"https:\/\/renseksperten.com\/\",\"logo\":{\"@type\":\"ImageObject\",\"inLanguage\":\"da-DK\",\"@id\":\"https:\/\/renseksperten.com\/#\/schema\/logo\/image\/\",\"url\":\"https:\/\/renseksperten.com\/wp-content\/uploads\/2024\/06\/Rens-eksperten-logo.png\",\"contentUrl\":\"https:\/\/renseksperten.com\/wp-content\/uploads\/2024\/06\/Rens-eksperten-logo.png\",\"width\":3239,\"height\":2362,\"caption\":\"Rens Eksperten\"},\"image\":{\"@id\":\"https:\/\/renseksperten.com\/#\/schema\/logo\/image\/\"}}]}<\/script>\n<!-- \/ Yoast SEO plugin. -->","yoast_head_json":{"title":"Andre - Rens Eksperten","description":"Vi specialiserer os i rensning af m\u00f8bler, herunder m\u00f8bler med uldstof, for at sikre, at dine m\u00f8bler forbliver rene og velplejede. Vores ekspertise omfatter sk\u00e5nsom og effektiv rensning, der bevare m\u00f8blernes kvalitet og udseende.","robots":{"index":"index","follow":"follow","max-snippet":"max-snippet:-1","max-image-preview":"max-image-preview:large","max-video-preview":"max-video-preview:-1"},"canonical":"https:\/\/renseksperten.com\/index.php\/andre\/","og_locale":"da_DK","og_type":"article","og_title":"Andre - Rens Eksperten","og_description":"Vi specialiserer os i rensning af m\u00f8bler, herunder m\u00f8bler med uldstof, for at sikre, at dine m\u00f8bler forbliver rene og velplejede. Vores ekspertise omfatter sk\u00e5nsom og effektiv rensning, der bevare m\u00f8blernes kvalitet og udseende.","og_url":"https:\/\/renseksperten.com\/index.php\/andre\/","og_site_name":"Rens Eksperten","article_modified_time":"2024-07-18T20:17:06+00:00","twitter_card":"summary_large_image","twitter_misc":{"Estimeret l\u00e6setid":"1 minut"},"schema":{"@context":"https:\/\/schema.org","@graph":[{"@type":"WebPage","@id":"https:\/\/renseksperten.com\/index.php\/andre\/","url":"https:\/\/renseksperten.com\/index.php\/andre\/","name":"Andre - Rens Eksperten","isPartOf":{"@id":"https:\/\/renseksperten.com\/#website"},"datePublished":"2024-05-26T17:04:45+00:00","dateModified":"2024-07-18T20:17:06+00:00","description":"Vi specialiserer os i rensning af m\u00f8bler, herunder m\u00f8bler med uldstof, for at sikre, at dine m\u00f8bler forbliver rene og velplejede. Vores ekspertise omfatter sk\u00e5nsom og effektiv rensning, der bevare m\u00f8blernes kvalitet og udseende.","breadcrumb":{"@id":"https:\/\/renseksperten.com\/index.php\/andre\/#breadcrumb"},"inLanguage":"da-DK","potentialAction":[{"@type":"ReadAction","target":["https:\/\/renseksperten.com\/index.php\/andre\/"]}]},{"@type":"BreadcrumbList","@id":"https:\/\/renseksperten.com\/index.php\/andre\/#breadcrumb","itemListElement":[{"@type":"ListItem","position":1,"name":"Hjem","item":"https:\/\/renseksperten.com\/"},{"@type":"ListItem","position":2,"name":"Andre"}]},{"@type":"WebSite","@id":"https:\/\/renseksperten.com\/#website","url":"https:\/\/renseksperten.com\/","name":"Rens Eksperten","description":"Rensning af m\u00f8belstoffer og t\u00e6pper","publisher":{"@id":"https:\/\/renseksperten.com\/#organization"},"potentialAction":[{"@type":"SearchAction","target":{"@type":"EntryPoint","urlTemplate":"https:\/\/renseksperten.com\/?s={search_term_string}"},"query-input":{"@type":"PropertyValueSpecification","valueRequired":true,"valueName":"search_term_string"}}],"inLanguage":"da-DK"},{"@type":"Organization","@id":"https:\/\/renseksperten.com\/#organization","name":"Rens Eksperten","url":"https:\/\/renseksperten.com\/","logo":{"@type":"ImageObject","inLanguage":"da-DK","@id":"https:\/\/renseksperten.com\/#\/schema\/logo\/image\/","url":"https:\/\/renseksperten.com\/wp-content\/uploads\/2024\/06\/Rens-eksperten-logo.png","contentUrl":"https:\/\/renseksperten.com\/wp-content\/uploads\/2024\/06\/Rens-eksperten-logo.png","width":3239,"height":2362,"caption":"Rens Eksperten"},"image":{"@id":"https:\/\/renseksperten.com\/#\/schema\/logo\/image\/"}}]}},"_links":{"self":[{"href":"https:\/\/renseksperten.com\/index.php\/wp-json\/wp\/v2\/pages\/189","targetHints":{"allow":["GET"]}}],"collection":[{"href":"https:\/\/renseksperten.com\/index.php\/wp-json\/wp\/v2\/pages"}],"about":[{"href":"https:\/\/renseksperten.com\/index.php\/wp-json\/wp\/v2\/types\/page"}],"author":[{"embeddable":true,"href":"https:\/\/renseksperten.com\/index.php\/wp-json\/wp\/v2\/users\/1"}],"replies":[{"embeddable":true,"href":"https:\/\/renseksperten.com\/index.php\/wp-json\/wp\/v2\/comments?post=189"}],"version-history":[{"count":56,"href":"https:\/\/renseksperten.com\/index.php\/wp-json\/wp\/v2\/pages\/189\/revisions"}],"predecessor-version":[{"id":1556,"href":"https:\/\/renseksperten.com\/index.php\/wp-json\/wp\/v2\/pages\/189\/revisions\/1556"}],"wp:attachment":[{"href":"https:\/\/renseksperten.com\/index.php\/wp-json\/wp\/v2\/media?parent=189"}],"curies":[{"name":"wp","href":"https:\/\/api.w.org\/{rel}","templated":true}]}}